{"id":1332,"date":"2023-10-31T11:20:51","date_gmt":"2023-10-31T10:20:51","guid":{"rendered":"https:\/\/www.chalampe.fr\/mentions-legales\/"},"modified":"2024-01-04T14:10:43","modified_gmt":"2024-01-04T13:10:43","slug":"rechtliche-hinweise","status":"publish","type":"page","link":"https:\/\/www.chalampe.fr\/de\/rechtliche-hinweise\/","title":{"rendered":"Rechtliche Hinweise"},"content":{"rendered":"<div class=\"wp-post-content\"><!-- zone:zn_pagebanner [0] --><br \/>\n\t\t<!-- \/zone:zn_pagebanner [0] --><br \/>\n<!-- zone:zn_text [1] -->\t\t\t\t\t\t<\/p>\n<h2>\u00dcber die Seite<\/h2>\n<p>Sie sind derzeit mit der Website <strong>www.chalampe.fr<\/strong> verbunden.<br \/>\nAlle Daten und Informationen auf der Website<strong> www.chalampe.fr<\/strong> werden der \u00d6ffentlichkeit von der Stadtverwaltung Chalamp\u00e9 zur Verf\u00fcgung gestellt.<br \/>\nDurch den Besuch der Website <strong>www.chalampe.fr<\/strong> verpflichten Sie sich, die in diesem Hinweis enthaltenen Bestimmungen und Bedingungen zu akzeptieren.<\/p>\n<h2>Herausgeber<\/h2>\n<p><strong>Mairie de Chalamp\u00e9<\/strong><\/p>\n<p>Hauptsitz: 9 espace Centre Village \u2013 68490 Chalamp\u00e9\u2013 France<br \/>\nTel. : +33 (0)3 89 26 04 37<br \/>\nmairie@chalampe.fr<\/p>\n<p><strong>Leiter der Ver\u00f6ffentlichung<\/strong>: Herr B\u00fcrgermeister von Chalamp\u00e9<\/p>\n<h2>Unterkunft<\/h2>\n<p><strong>OVH<\/strong><br \/>\nRCS Lille M\u00e9tropole 424 761 419 00045<br \/>\nAPE-Code 2620Z<br \/>\nMWST.-NR. : FR 22 424 761 419<br \/>\nHauptsitz : 2 rue Kellermann \u2013 59100 Roubaix \u2013 France<\/p>\n<h2>Gestaltung und Referenzierung der Website<\/h2>\n<p><strong>Premi\u00e8re Place<\/strong><br \/>\nSAS au capital de 4 860,00 \u20ac<br \/>\nSi\u00e8ge social : 30 rue Fran\u00e7ois Spoerry \u2013 68100 Mulhouse \u2013 France<br \/>\nT\u00e9l : <a class=\"pp-phone-link\" href=\"tel:+33389607161\" title=\"Premi\u00e8re Place\">+33 (0)3 89 60 71 61<\/a><br \/>\ncontact@premiere.place<br \/>\nRCS Mulhouse 489 995 985<br \/>\nN\u00b0 TVA : FR 12 489 995 985<br \/>\n<a class=\"pp-website-link\" href=\"https:\/\/www.premiere.place\" title=\"Premi\u00e8re Place | Agence web &#038; e-Marketing \u00e0 Mulhouse (Alsace)\" target=\"_blank\" rel=\"noopener\">www.premiere.place<\/a>\n<\/p>\n<h2>Cookies<\/h2>\n<p>Die Website <strong>www.chalampe.fr<\/strong> verwendet Cookies. Dabei handelt es sich um kleine Dateien, die auf Ihren Computer heruntergeladen werden und daf\u00fcr sorgen, dass die Website reibungslos und sicher funktioniert (Session- und Sicherheits-Cookies), und die Informationen dar\u00fcber speichern, wie unsere Besucher unsere Website besuchen (Tracking-Cookies). So k\u00f6nnen wir beispielsweise feststellen, welche Seiten unsere Besucher am h\u00e4ufigsten aufrufen und wie viel Zeit sie auf unserer Website verbringen.<\/p>\n<p>Durch die Einstellung Ihres Browsers haben Sie die M\u00f6glichkeit, Cookies zu deaktivieren oder sich benachrichtigen zu lassen, wenn Cookies auf Ihren Computer heruntergeladen werden sollen. Die Deaktivierung aller Cookies k\u00f6nnte jedoch dazu f\u00fchren, dass Sie nicht alle Funktionen dieser Website richtig nutzen k\u00f6nnen. Wir lassen Ihnen daher die M\u00f6glichkeit, nur die Tracking-Cookies zu deaktivieren, was Ihre Navigation nicht beeintr\u00e4chtigen wird (siehe \u00ab\u00a0Cookie-Einstellungen\u00a0\u00bb weiter unten).<\/p>\n<h3>Google Analytics<\/h3>\n<p>Diese Website verwendet den Webanalysedienst Google Analytics. Dadurch k\u00f6nnen wir analysieren, wie Internetnutzer unsere Website nutzen, um ihnen ein besseres Surferlebnis zu bieten. Zu diesem Zweck verwendet Google Analytics Tracking-Cookies, die es erm\u00f6glichen, den Weg eines Internetnutzers auf der Website zu verfolgen. Diese Cookies werden f\u00fcr einen Zeitraum von 13 Monaten gespeichert.<\/p>\n<p>Wir haben f\u00fcr diese Website die Anonymisierung von IP-Adressen aktiviert. Das bedeutet, dass die von Google Analytics gesammelten IP-Adressen systematisch gek\u00fcrzt werden, um die Identifizierung von Internetnutzern unm\u00f6glich zu machen. In Ausnahmef\u00e4llen kann es vorkommen, dass die volle IP-Adresse an einen Server von Google in den USA \u00fcbertragen und dort sofort gek\u00fcrzt wird. Google verwendet die durch die Cookies gesammelten Informationen im Auftrag von {Firmenname}, um die Surfgewohnheiten der Nutzer zu analysieren und Berichte \u00fcber die Aktivit\u00e4ten auf der Website zu erstellen.<\/p>\n<p>Google stellt den Nutzern ein Plug-in f\u00fcr ihren Browser zur Verf\u00fcgung, mit dem sie die Erfassung von Daten \u00fcber ihr Surfverhalten auf Websites, die Google Analytics verwenden, verhindern k\u00f6nnen.<br \/>\nDieses Plug-in ist unter dieser Adresse verf\u00fcgbar : <strong style=\"font-size: inherit;\"><a href=\"https:\/\/tools.google.com\/dlpage\/gaoptout?hl=fr\" target=\"_blank\" rel=\"noopener\">tools.google.com\/dlpage\/gaoptout<\/a><\/strong><\/p>\n<h3>Google Remarketing<\/h3>\n<p>Auf dieser Website wird m\u00f6glicherweise der Dienst Google Remarketing verwendet, mit dem Nutzern im Google-Werbenetzwerk gezielt Werbeanzeigen auf der Grundlage der besuchten Websites angezeigt werden. Dies erm\u00f6glicht es uns unter anderem, Ihre Navigationsdaten auf dieser Website zu verwenden, um Ihnen gezielte Anzeigen anzubieten, wenn Sie andere Websites im Google-Werbenetzwerk besuchen. Sie haben die M\u00f6glichkeit, diese Funktion \u00fcber den folgenden Link zu deaktivieren:\u00a0<strong><a href=\"https:\/\/adssettings.google.com\/\" target=\"_blank\" rel=\"noopener\">adssettings.google.com<\/a><\/strong><\/p>\n<p>Wenn Sie ein Google-Konto besitzen und beim Besuch unserer Website in diesem Konto angemeldet sind und Sie Google gestattet haben, Ihren Browserverlauf mit Ihrem Google-Konto zu verkn\u00fcpfen und diesen Browserverlauf zur Personalisierung von Anzeigen zu verwenden, wird Google die mithilfe von Google Analytics erfassten Navigationsdaten mit Ihrem Google-Konto verkn\u00fcpfen. Wenn Sie Ihr Google-Konto auf mehreren Ger\u00e4ten verwenden, werden unsere Anzeigen m\u00f6glicherweise auch auf diesen anderen Ger\u00e4ten angezeigt. Obwohl Google auf dieser Website Daten im Zusammenhang mit der Nutzung von Google-Konten sammelt, kann die Mairie de Chalamp\u00e9 daraus nicht die Identit\u00e4t der Nutzer von Google-Konten ableiten, die die Website besuchen.<\/p>\n<p>F\u00fcr weitere Informationen dar\u00fcber, wie Google diese Daten sammelt und verwendet, verweisen wir auf die Datenschutzbestimmungen von Google:<strong>\u00a0<a href=\"https:\/\/policies.google.com\/privacy\" target=\"_blank\" rel=\"noopener\">policies.google.com\/privacy<\/a><\/strong><\/p>\n<h3>Einstellen von Cookies<\/h3>\n<p>Hier k\u00f6nnen Sie Ihre Cookie-Einstellungen f\u00fcr diese Website \u00e4ndern :<\/p>\n<p><a class=\"skpcc-open-settings skpcc-link button\" href=\"#\" title=\"\" data-cc=\"show-preferencesModal\">R\u00e9glage des cookies<\/a><\/p>\n<p>F\u00fcr weitere Informationen \u00fcber Cookies und wie Sie diese verwalten k\u00f6nnen, empfehlen wir Ihnen, die Website<strong> <a href=\"https:\/\/www.youronlinechoices.com\/fr\/\" target=\"_blank\" rel=\"noopener\">www.youronlinechoices.com<\/a><\/strong>, zu besuchen, die von der Organisation EDAA (European Interactive Digital Advertising Alliance) entwickelt wurde.<\/p>\n<h2>Geistiges Eigentum<\/h2>\n<p>Die gesamte Website unterliegt der franz\u00f6sischen und internationalen Gesetzgebung \u00fcber das Urheberrecht und das geistige Eigentum. Alle Vervielf\u00e4ltigungsrechte sind vorbehalten, einschlie\u00dflich der herunterladbaren Dokumente und der ikonografischen und fotografischen Darstellungen sowie der animierten Sequenzen.<\/p>\n<p>Jede vollst\u00e4ndige oder teilweise Vervielf\u00e4ltigung oder Darstellung des Inhalts der Website <strong>www.chalampe.fr<\/strong> durch ein beliebiges Verfahren ohne die ausdr\u00fcckliche Genehmigung Mairie de Chalamp\u00e9 ist rechtswidrig und stellt eine F\u00e4lschung dar.<\/p>\n<p>Bei jeder Verwendung von Informationen von der Website<strong> www.chalampe.fr<\/strong> muss die Quelle der Informationen angegeben werden. Die Internetadresse der Website <strong>www.chalampe.fr<\/strong> muss unbedingt in der Quellenangabe enthalten sein.<\/p>\n<p>Die auf dieser Website erw\u00e4hnten Marken sind von den Unternehmen, die ihre Eigent\u00fcmer sind, eingetragen.<\/p>\n<h2>Verantwortung<\/h2>\n<p>Die Verantwortung f\u00fcr den Inhalt und die Umgebung externer Websites, auf die die Website <strong>www.chalampe.fr<\/strong> verweisen kann (insbesondere \u00fcber Hyperlinks), liegt nicht bei Mairie de Chalamp\u00e9.<\/p>\n<p>Die Einrichtung von Hypertext-Links durch Dritte zu Seiten oder Dokumenten der Website <strong>www.chalampe.fr<\/strong> ist unter dem Vorbehalt gestattet, dass die Links nicht gegen die Interessen von Mairie de Chalamp\u00e9 versto\u00dfen und dass sie gew\u00e4hrleisten, dass der Nutzer die M\u00f6glichkeit hat, den Ursprung und den Autor des Dokuments zu identifizieren.<\/p>\n<p>Mairie de Chalamp\u00e9 kann in keiner Weise f\u00fcr den Inhalt der Informationen auf dieser Website oder f\u00fcr die Folgen, die sich aus deren Nutzung oder Auslegung ergeben k\u00f6nnen, haftbar gemacht werden.<\/p>\n<p>Der Besuch der Website <strong>www.chalampe.fr<\/strong> setzt voraus, dass der Internetnutzer die oben genannten Bedingungen und Konditionen akzeptiert.<\/p>\n<p>\t\t\t<!-- \/zone:zn_text [1] -->\n<\/div>\n","protected":false},"excerpt":{"rendered":"<p>\u00dcber die Seite Sie sind derzeit mit der Website www.chalampe.fr verbunden. Alle Daten und Informationen auf der Website www.chalampe.fr werden der \u00d6ffentlichkeit von der Stadtverwaltung Chalamp\u00e9 zur Verf\u00fcgung gestellt. Durch [&hellip;]<\/p>\n","protected":false},"author":5,"featured_media":0,"parent":0,"menu_order":30,"comment_status":"closed","ping_status":"closed","template":"","meta":{"_acf_changed":false,"footnotes":""},"class_list":["post-1332","page","type-page","status-publish","hentry","wp-sticky"],"acf":[],"yoast_head":"<!-- This site is optimized with the Yoast SEO plugin v27.5 - https:\/\/yoast.com\/product\/yoast-seo-wordpress\/ -->\n<title>Rechtliche Hinweise | Mairie de Chalamp\u00e9<\/title>\n<meta name=\"robots\" content=\"index, follow, max-snippet:-1, max-image-preview:large, max-video-preview:-1\" \/>\n<link rel=\"canonical\" href=\"https:\/\/www.chalampe.fr\/de\/rechtliche-hinweise\/\" \/>\n<meta property=\"og:locale\" content=\"de_DE\" \/>\n<meta property=\"og:type\" content=\"article\" \/>\n<meta property=\"og:title\" content=\"Rechtliche Hinweise | Mairie de Chalamp\u00e9\" \/>\n<meta property=\"og:description\" content=\"\u00dcber die Seite Sie sind derzeit mit der Website www.chalampe.fr verbunden. Alle Daten und Informationen auf der Website www.chalampe.fr werden der \u00d6ffentlichkeit von der Stadtverwaltung Chalamp\u00e9 zur Verf\u00fcgung gestellt. Durch [&hellip;]\" \/>\n<meta property=\"og:url\" content=\"https:\/\/www.chalampe.fr\/de\/rechtliche-hinweise\/\" \/>\n<meta property=\"og:site_name\" content=\"Mairie de Chalamp\u00e9\" \/>\n<meta property=\"article:publisher\" content=\"https:\/\/www.facebook.com\/people\/Village-de-Chalamp\/100081527442575\/\" \/>\n<meta property=\"article:modified_time\" content=\"2024-01-04T13:10:43+00:00\" \/>\n<meta property=\"og:image\" content=\"https:\/\/www.chalampe.fr\/wp-inside\/uploads\/2023\/11\/logo-chalampe.jpg\" \/>\n\t<meta property=\"og:image:width\" content=\"1200\" \/>\n\t<meta property=\"og:image:height\" content=\"675\" \/>\n\t<meta property=\"og:image:type\" content=\"image\/jpeg\" \/>\n<meta name=\"twitter:card\" content=\"summary_large_image\" \/>\n<script type=\"application\/ld+json\" class=\"yoast-schema-graph\">{\"@context\":\"https:\\\/\\\/schema.org\",\"@graph\":[{\"@type\":\"WebPage\",\"@id\":\"https:\\\/\\\/www.chalampe.fr\\\/de\\\/rechtliche-hinweise\\\/\",\"url\":\"https:\\\/\\\/www.chalampe.fr\\\/de\\\/rechtliche-hinweise\\\/\",\"name\":\"Rechtliche Hinweise\",\"isPartOf\":{\"@id\":\"https:\\\/\\\/www.chalampe.fr\\\/#website\"},\"datePublished\":\"2023-10-31T10:20:51+00:00\",\"dateModified\":\"2024-01-04T13:10:43+00:00\",\"breadcrumb\":{\"@id\":\"https:\\\/\\\/www.chalampe.fr\\\/de\\\/rechtliche-hinweise\\\/#breadcrumb\"},\"inLanguage\":\"de\",\"potentialAction\":[{\"@type\":\"ReadAction\",\"target\":[\"https:\\\/\\\/www.chalampe.fr\\\/de\\\/rechtliche-hinweise\\\/\"]}]},{\"@type\":\"BreadcrumbList\",\"@id\":\"https:\\\/\\\/www.chalampe.fr\\\/de\\\/rechtliche-hinweise\\\/#breadcrumb\",\"itemListElement\":[{\"@type\":\"ListItem\",\"position\":1,\"name\":\"Accueil\",\"item\":\"https:\\\/\\\/www.chalampe.fr\\\/\"},{\"@type\":\"ListItem\",\"position\":2,\"name\":\"Rechtliche Hinweise\"}]},{\"@type\":\"WebSite\",\"@id\":\"https:\\\/\\\/www.chalampe.fr\\\/#website\",\"url\":\"https:\\\/\\\/www.chalampe.fr\\\/\",\"name\":\"Mairie de Chalamp\u00e9\",\"description\":\"C&#039;est une chance !\",\"publisher\":{\"@id\":\"https:\\\/\\\/www.chalampe.fr\\\/#organization\"},\"potentialAction\":[{\"@type\":\"SearchAction\",\"target\":{\"@type\":\"EntryPoint\",\"urlTemplate\":\"https:\\\/\\\/www.chalampe.fr\\\/?s={search_term_string}\"},\"query-input\":{\"@type\":\"PropertyValueSpecification\",\"valueRequired\":true,\"valueName\":\"search_term_string\"}}],\"inLanguage\":\"de\"},{\"@type\":\"Organization\",\"@id\":\"https:\\\/\\\/www.chalampe.fr\\\/#organization\",\"name\":\"Mairie de Chalamp\u00e9\",\"url\":\"https:\\\/\\\/www.chalampe.fr\\\/\",\"logo\":{\"@type\":\"ImageObject\",\"inLanguage\":\"de\",\"@id\":\"https:\\\/\\\/www.chalampe.fr\\\/#\\\/schema\\\/logo\\\/image\\\/\",\"url\":\"https:\\\/\\\/www.chalampe.fr\\\/wp-inside\\\/uploads\\\/2023\\\/11\\\/logo-chalampe.jpg\",\"contentUrl\":\"https:\\\/\\\/www.chalampe.fr\\\/wp-inside\\\/uploads\\\/2023\\\/11\\\/logo-chalampe.jpg\",\"width\":1200,\"height\":675,\"caption\":\"Mairie de Chalamp\u00e9\"},\"image\":{\"@id\":\"https:\\\/\\\/www.chalampe.fr\\\/#\\\/schema\\\/logo\\\/image\\\/\"},\"sameAs\":[\"https:\\\/\\\/www.facebook.com\\\/people\\\/Village-de-Chalamp\\\/100081527442575\\\/\",\"https:\\\/\\\/www.intramuros.org\\\/chalampe\"]}]}<\/script>\n<!-- \/ Yoast SEO plugin. -->","yoast_head_json":{"title":"Rechtliche Hinweise | Mairie de Chalamp\u00e9","robots":{"index":"index","follow":"follow","max-snippet":"max-snippet:-1","max-image-preview":"max-image-preview:large","max-video-preview":"max-video-preview:-1"},"canonical":"https:\/\/www.chalampe.fr\/de\/rechtliche-hinweise\/","og_locale":"de_DE","og_type":"article","og_title":"Rechtliche Hinweise | Mairie de Chalamp\u00e9","og_description":"\u00dcber die Seite Sie sind derzeit mit der Website www.chalampe.fr verbunden. Alle Daten und Informationen auf der Website www.chalampe.fr werden der \u00d6ffentlichkeit von der Stadtverwaltung Chalamp\u00e9 zur Verf\u00fcgung gestellt. Durch [&hellip;]","og_url":"https:\/\/www.chalampe.fr\/de\/rechtliche-hinweise\/","og_site_name":"Mairie de Chalamp\u00e9","article_publisher":"https:\/\/www.facebook.com\/people\/Village-de-Chalamp\/100081527442575\/","article_modified_time":"2024-01-04T13:10:43+00:00","og_image":[{"width":1200,"height":675,"url":"https:\/\/www.chalampe.fr\/wp-inside\/uploads\/2023\/11\/logo-chalampe.jpg","type":"image\/jpeg"}],"twitter_card":"summary_large_image","schema":{"@context":"https:\/\/schema.org","@graph":[{"@type":"WebPage","@id":"https:\/\/www.chalampe.fr\/de\/rechtliche-hinweise\/","url":"https:\/\/www.chalampe.fr\/de\/rechtliche-hinweise\/","name":"Rechtliche Hinweise","isPartOf":{"@id":"https:\/\/www.chalampe.fr\/#website"},"datePublished":"2023-10-31T10:20:51+00:00","dateModified":"2024-01-04T13:10:43+00:00","breadcrumb":{"@id":"https:\/\/www.chalampe.fr\/de\/rechtliche-hinweise\/#breadcrumb"},"inLanguage":"de","potentialAction":[{"@type":"ReadAction","target":["https:\/\/www.chalampe.fr\/de\/rechtliche-hinweise\/"]}]},{"@type":"BreadcrumbList","@id":"https:\/\/www.chalampe.fr\/de\/rechtliche-hinweise\/#breadcrumb","itemListElement":[{"@type":"ListItem","position":1,"name":"Accueil","item":"https:\/\/www.chalampe.fr\/"},{"@type":"ListItem","position":2,"name":"Rechtliche Hinweise"}]},{"@type":"WebSite","@id":"https:\/\/www.chalampe.fr\/#website","url":"https:\/\/www.chalampe.fr\/","name":"Mairie de Chalamp\u00e9","description":"C&#039;est une chance !","publisher":{"@id":"https:\/\/www.chalampe.fr\/#organization"},"potentialAction":[{"@type":"SearchAction","target":{"@type":"EntryPoint","urlTemplate":"https:\/\/www.chalampe.fr\/?s={search_term_string}"},"query-input":{"@type":"PropertyValueSpecification","valueRequired":true,"valueName":"search_term_string"}}],"inLanguage":"de"},{"@type":"Organization","@id":"https:\/\/www.chalampe.fr\/#organization","name":"Mairie de Chalamp\u00e9","url":"https:\/\/www.chalampe.fr\/","logo":{"@type":"ImageObject","inLanguage":"de","@id":"https:\/\/www.chalampe.fr\/#\/schema\/logo\/image\/","url":"https:\/\/www.chalampe.fr\/wp-inside\/uploads\/2023\/11\/logo-chalampe.jpg","contentUrl":"https:\/\/www.chalampe.fr\/wp-inside\/uploads\/2023\/11\/logo-chalampe.jpg","width":1200,"height":675,"caption":"Mairie de Chalamp\u00e9"},"image":{"@id":"https:\/\/www.chalampe.fr\/#\/schema\/logo\/image\/"},"sameAs":["https:\/\/www.facebook.com\/people\/Village-de-Chalamp\/100081527442575\/","https:\/\/www.intramuros.org\/chalampe"]}]}},"_links":{"self":[{"href":"https:\/\/www.chalampe.fr\/de\/wp-json\/wp\/v2\/pages\/1332","targetHints":{"allow":["GET"]}}],"collection":[{"href":"https:\/\/www.chalampe.fr\/de\/wp-json\/wp\/v2\/pages"}],"about":[{"href":"https:\/\/www.chalampe.fr\/de\/wp-json\/wp\/v2\/types\/page"}],"author":[{"embeddable":true,"href":"https:\/\/www.chalampe.fr\/de\/wp-json\/wp\/v2\/users\/5"}],"replies":[{"embeddable":true,"href":"https:\/\/www.chalampe.fr\/de\/wp-json\/wp\/v2\/comments?post=1332"}],"version-history":[{"count":3,"href":"https:\/\/www.chalampe.fr\/de\/wp-json\/wp\/v2\/pages\/1332\/revisions"}],"predecessor-version":[{"id":1344,"href":"https:\/\/www.chalampe.fr\/de\/wp-json\/wp\/v2\/pages\/1332\/revisions\/1344"}],"wp:attachment":[{"href":"https:\/\/www.chalampe.fr\/de\/wp-json\/wp\/v2\/media?parent=1332"}],"curies":[{"name":"wp","href":"https:\/\/api.w.org\/{rel}","templated":true}]}}