{"id":1307,"date":"2023-10-10T09:48:48","date_gmt":"2023-10-10T07:48:48","guid":{"rendered":"https:\/\/www.chalampe.fr\/contact\/"},"modified":"2024-01-02T14:42:14","modified_gmt":"2024-01-02T13:42:14","slug":"kontakt","status":"publish","type":"page","link":"https:\/\/www.chalampe.fr\/de\/kontakt\/","title":{"rendered":"Kontakt"},"content":{"rendered":"<div class=\"wp-post-content\"><!-- zone:zn_pagebanner [0] --><br \/>\n\t\t<!-- \/zone:zn_pagebanner [0] --><br \/>\n<!-- zone:zn_text [1] -->\t\t\t\t\t\t<\/p>\n<div class='fluentform ff-default fluentform_wrapper_4 ffs_default_wrap'>\n<form data-form_id=\"4\" id=\"fluentform_4\" class=\"frm-fluent-form fluent_form_4 ff-el-form-top ff_form_instance_4_1 ff-form-loading ffs_default\" data-form_instance=\"ff_form_instance_4_1\" method=\"POST\" >\n<fieldset  style=\"border: none!important;margin: 0!important;padding: 0!important;background-color: transparent!important;box-shadow: none!important;outline: none!important; min-inline-size: 100%;\">\n<legend class=\"ff_screen_reader_title\" style=\"display: block; margin: 0!important;padding: 0!important;height: 0!important;text-indent: -999999px;width: 0!important;overflow:hidden;\">Contact &#8211; DE<\/legend>\n<p style=\"display: none !important;\"><label>&#916;<textarea name=\"ak_hp_textarea\" cols=\"45\" rows=\"8\" maxlength=\"100\"><\/textarea><\/label><input type=\"hidden\" id=\"ak_js_1\" name=\"ak_js\" value=\"113\"\/><script>document.getElementById( \"ak_js_1\" ).setAttribute( \"value\", ( new Date() ).getTime() );<\/script><\/p>\n<p>        <span style=\"display: none !important;\"><input type=\"checkbox\"\n                name=\"item__4__fluent_checkme_\"\n                value=\"1\" style=\"display:none !important;\" tabindex=\"-1\" aria-hidden=\"true\"><\/span><br \/>\n        <input type='hidden' name='__fluent_form_embded_post_id' value='1307' \/><input type=\"hidden\" id=\"_fluentform_4_fluentformnonce\" name=\"_fluentform_4_fluentformnonce\" value=\"29d853cb27\" \/><input type=\"hidden\" name=\"_wp_http_referer\" value=\"\/wp-admin\/post.php\" \/><\/p>\n<div data-type=\"name-element\" data-name=\"names\" class=\" ff-field_container ff-name-field-wrapper\" >\n<div class='ff-t-container'>\n<div class='ff-t-cell '>\n<div class='ff-el-group  ff-el-form-top'>\n<div class=\"ff-el-input--label ff-el-is-required asterisk-right\"><label for='ff_4_names_first_name_' aria-label=\"Vorname\">Vorname<\/label><\/div>\n<div class='ff-el-input--content'><input type=\"text\" name=\"names[first_name]\" id=\"ff_4_names_first_name_\" class=\"ff-el-form-control\" placeholder=\"Vorname\" aria-invalid=\"false\" aria-required=false><\/div>\n<\/div>\n<\/div>\n<div class='ff-t-cell '>\n<div class='ff-el-group  ff-el-form-top'>\n<div class=\"ff-el-input--label ff-el-is-required asterisk-right\"><label for='ff_4_names_last_name_' aria-label=\"Name\">Name<\/label><\/div>\n<div class='ff-el-input--content'><input type=\"text\" name=\"names[last_name]\" id=\"ff_4_names_last_name_\" class=\"ff-el-form-control\" placeholder=\"Name\" aria-invalid=\"false\" aria-required=false><\/div>\n<\/div>\n<\/div>\n<\/div>\n<\/div>\n<div data-name=\"ff_cn_id_1\"  class='ff-t-container ff-column-container ff_columns_total_1  '>\n<div class='ff-t-cell ff-t-column-1' style='flex-basis: 100%;'>\n<div class=\"ff-name-address-wrapper fluent-address\" data-type=\"address-element\" data-name=\"address_1\" >\n<div class='ff-el-input--label'><label aria-label=Adresse>Adresse<\/label><\/div>\n<div class='ff-el-input--content'>\n<div class='ff-t-container'>\n<div class='ff-t-cell'>\n<div class='ff-el-group'>\n<div class=\"ff-el-input--label ff-el-is-required asterisk-right\"><label for='ff_4_address_1_address_line_1_' aria-label=\"Adresse Zeile 1\">Adresse Zeile 1<\/label><\/div>\n<div class='ff-el-input--content'><input type=\"text\" name=\"address_1[address_line_1]\" id=\"ff_4_address_1_address_line_1_\" class=\"ff-el-form-control\" placeholder=\"Adresse Zeile 1\" data-key_name=\"address_line_1\"  aria-invalid=\"false\" aria-required=true><\/div>\n<\/div>\n<\/div>\n<div class='ff-t-cell'>\n<div class='ff-el-group'>\n<div class=\"ff-el-input--label asterisk-right\"><label for='ff_4_address_1_address_line_2_' aria-label=\"Adresse Zeile 2\">Adresse Zeile 2<\/label><\/div>\n<div class='ff-el-input--content'><input type=\"text\" name=\"address_1[address_line_2]\" id=\"ff_4_address_1_address_line_2_\" class=\"ff-el-form-control\" placeholder=\"Adresse Zeile 2\" data-key_name=\"address_line_2\"  aria-invalid=\"false\" aria-required=false><\/div>\n<\/div>\n<\/div>\n<\/div>\n<div class='ff-t-container'>\n<div class='ff-t-cell'>\n<div class='ff-el-group'>\n<div class=\"ff-el-input--label ff-el-is-required asterisk-right\"><label for='ff_4_address_1_city_' aria-label=\"Stadt\">Stadt<\/label><\/div>\n<div class='ff-el-input--content'><input type=\"text\" name=\"address_1[city]\" id=\"ff_4_address_1_city_\" class=\"ff-el-form-control\" placeholder=\"Stadt\" data-key_name=\"city\"  aria-invalid=\"false\" aria-required=true><\/div>\n<\/div>\n<\/div>\n<div class='ff-t-cell'>\n<div class='ff-el-group'>\n<div class=\"ff-el-input--label ff-el-is-required asterisk-right\"><label for='ff_4_address_1_zip_' aria-label=\"Postleitzahl\">Postleitzahl<\/label><\/div>\n<div class='ff-el-input--content'><input type=\"text\" name=\"address_1[zip]\" id=\"ff_4_address_1_zip_\" class=\"ff-el-form-control\" placeholder=\"Postleitzahl\" data-key_name=\"zip\"  aria-invalid=\"false\" aria-required=true><\/div>\n<\/div>\n<\/div>\n<\/div>\n<\/div>\n<\/div>\n<\/div>\n<\/div>\n<div data-name=\"ff_cn_id_2\"  class='ff-t-container ff-column-container ff_columns_total_2  '>\n<div class='ff-t-cell ff-t-column-1' style='flex-basis: 50%;'>\n<div class='ff-el-group'>\n<div class=\"ff-el-input--label ff-el-is-required asterisk-right\"><label for='ff_4_email' aria-label=\"E-mail\">E-mail<\/label><\/div>\n<div class='ff-el-input--content'><input type=\"email\" name=\"email\" id=\"ff_4_email\" class=\"ff-el-form-control\" placeholder=\"E-mail\" data-name=\"email\"  aria-invalid=\"false\" aria-required=true><\/div>\n<\/div>\n<\/div>\n<div class='ff-t-cell ff-t-column-2' style='flex-basis: 50%;'>\n<div class='ff-el-group'>\n<div class=\"ff-el-input--label ff-el-is-required asterisk-right\"><label for='ff_4_phone' aria-label=\"Telefonnummer\">Telefonnummer<\/label><\/div>\n<div class='ff-el-input--content'><input name=\"phone\" class=\"ff-el-form-control ff-el-phone ff_el_with_extended_validation\" type=\"tel\" placeholder=\"Telefonnummer\" data-name=\"phone\" id=\"ff_4_phone\" inputmode=\"tel\"  aria-invalid='false' aria-required=true><\/div>\n<\/div>\n<\/div>\n<\/div>\n<div class='ff-el-group'>\n<div class=\"ff-el-input--label ff-el-is-required asterisk-right\"><label for='ff_4_description' aria-label=\"Nachricht\">Nachricht<\/label><\/div>\n<div class='ff-el-input--content'><textarea aria-invalid=\"false\" aria-required=true name=\"description\" id=\"ff_4_description\" class=\"ff-el-form-control\" rows=\"3\" cols=\"2\" data-name=\"description\" ><\/textarea><\/div>\n<\/div>\n<div class='ff-el-group    ff-el-input--content'>\n<div class='ff-el-form-check ff-el-tc'><label aria-label='terms &#038; conditions' class='ff-el-form-check-label ff_tc_label' for=gdpr-agreement_139d483d62fae45d4d1e1da6ce5698b6><span class='ff_tc_checkbox'><input type=\"checkbox\" name=\"gdpr-agreement\" class=\"ff-el-form-check-input ff_gdpr_field\" data-name=\"gdpr-agreement\" id=\"gdpr-agreement_139d483d62fae45d4d1e1da6ce5698b6\"  value='on' aria-invalid='false' aria-required=true><\/span> <\/p>\n<div class='ff_t_c'>Ich bin damit einverstanden, dass die eingegebenen Informationen im Zusammenhang mit meiner Kontaktanfrage und der sich daraus ergebenden Gesch\u00e4ftsbeziehung verwendet werden. <\/div>\n<p><\/label><\/div>\n<\/div>\n<div class='ff-el-group  ff-custom_html' data-name=\"custom_html-4_1\" >\n<div class=\"formsite-sepline\">\u00a0<\/div>\n<div class=\"formsite-legaltxt\">\n<p>Die auf diesem Formular gesammelten Informationen werden in einer Datei gespeichert, die vom B\u00fcrgermeisteramt von Chalamp\u00e9 zur Verwaltung der Kontaktanfragen verwendet wird. Sie sind ausschlie\u00dflich f\u00fcr das B\u00fcrgermeisteramt von Chalamp\u00e9 bestimmt und werden f\u00fcr die Dauer der vorvertraglichen Beziehung und der sich gegebenenfalls daraus ergebenden vertraglichen Beziehung aufbewahrt und anschlie\u00dfend w\u00e4hrend der gesetzlichen Verj\u00e4hrungsfrist archiviert. Gem\u00e4\u00df dem Gesetz &#8222;Informatique et libert\u00e9s&#8220; k\u00f6nnen Sie Ihr Recht auf Zugang zu den Sie betreffenden Daten aus\u00fcben und diese berichtigen lassen, indem Sie sich an die Mairie de Chalamp\u00e9- 9 Espace Centre Village &#8211; 68490 Chalamp\u00e9 wenden.<\/p>\n<p><a href=\"https:\/\/www.chalampe.fr\/mentions-legales\/\" target=\"_blank\" rel=\"noopener\">Mehr \u00fcber unsere Politik zum Schutz personenbezogener Daten erfahren<\/a><\/p>\n<\/div>\n<\/div>\n<div class=\"ff-el-group\" data-name=\"shortcode-4_2\" >\n<p class=\"google-recaptcha-privacy-text\">Diese Website wird durch reCAPTCHA gesch\u00fctzt und es gelten die <a href=\"https:\/\/policies.google.com\/privacy\" target=\"_blank\" rel=\"noopener noreferrer external\">Datenschutzrichtlinen<\/a> und die <a href=\"https:\/\/policies.google.com\/terms\" target=\"_blank\" rel=\"noopener noreferrer external\">Nutzungsbedinungen<\/a> von Google.<\/p>\n<\/div>\n<div class='ff-el-group  ff-custom_html' data-name=\"custom_html-4_3\" >\n<div class=\"formsite-sepline\">\u00a0<\/div>\n<p><span class=\"formsite-txt-info\"><span class=\"redstar\">*<\/span> Obligatorische Felder<\/span><\/p>\n<\/div>\n<div class='ff-el-group ff-text-left ff_submit_btn_wrapper'><button type=\"submit\" class=\"ff-btn ff-btn-submit ff-btn-md ff_btn_style wpf_has_custom_css\" >Senden<\/button><\/div>\n<\/fieldset>\n<\/form>\n<div id='fluentform_4_errors' class='ff-errors-in-stack ff_form_instance_4_1 ff-form-loading_errors ff_form_instance_4_1_errors'><\/div>\n<\/div>\n<p>        <script type=\"text\/javascript\">\n            window.fluent_form_ff_form_instance_4_1 = {\"id\":\"4\",\"settings\":{\"layout\":{\"labelPlacement\":\"top\",\"helpMessagePlacement\":\"with_label\",\"errorMessagePlacement\":\"inline\",\"cssClassName\":\"\",\"asteriskPlacement\":\"asterisk-right\"},\"restrictions\":{\"denyEmptySubmission\":{\"enabled\":false}}},\"form_instance\":\"ff_form_instance_4_1\",\"form_id_selector\":\"fluentform_4\",\"rules\":{\"names[first_name]\":{\"required\":{\"value\":true,\"message\":\"Ce champ est obligatoire\",\"global_message\":\"Ce champ est obligatoire\",\"global\":true}},\"names[middle_name]\":{\"required\":{\"value\":false,\"message\":\"Ce champ est obligatoire\",\"global_message\":\"Ce champ est obligatoire\",\"global\":true}},\"names[last_name]\":{\"required\":{\"value\":true,\"message\":\"Ce champ est obligatoire\",\"global_message\":\"Ce champ est obligatoire\",\"global\":true}},\"address_1[address_line_1]\":{\"required\":{\"value\":true,\"message\":\"Ce champ est obligatoire\",\"global_message\":\"Ce champ est obligatoire\",\"global\":true}},\"address_1[address_line_2]\":{\"required\":{\"value\":false,\"message\":\"Ce champ est obligatoire\",\"global_message\":\"Ce champ est obligatoire\",\"global\":true}},\"address_1[city]\":{\"required\":{\"value\":true,\"message\":\"Ce champ est obligatoire\",\"global_message\":\"Ce champ est obligatoire\",\"global\":true}},\"address_1[state]\":{\"required\":{\"value\":false,\"message\":\"Ce champ est obligatoire\",\"global_message\":\"Ce champ est obligatoire\",\"global\":true}},\"address_1[zip]\":{\"required\":{\"value\":true,\"message\":\"Ce champ est obligatoire\",\"global_message\":\"Ce champ est obligatoire\",\"global\":true}},\"address_1[country]\":{\"required\":{\"value\":false,\"message\":\"Ce champ est obligatoire\",\"global_message\":\"Ce champ est obligatoire\",\"global\":true}},\"email\":{\"required\":{\"value\":true,\"message\":\"Ce champ est obligatoire\",\"global_message\":\"Ce champ est obligatoire\",\"global\":true},\"email\":{\"value\":true,\"message\":\"Ce champ doit contenir un e-mail valide\",\"global_message\":\"Ce champ doit contenir un e-mail valide\",\"global\":true}},\"phone\":{\"required\":{\"value\":true,\"message\":\"Dieses Feld ist erforderlich\",\"global\":false,\"global_message\":\"Ce champ est obligatoire\"},\"valid_phone_number\":{\"value\":true,\"message\":\"Die Telefonnummer ist ungu00fcltig\",\"global\":false,\"global_message\":\"Le numu00e9ro de tu00e9lu00e9phone n'est pas valide\"}},\"description\":{\"required\":{\"value\":true,\"message\":\"Ce champ est obligatoire\",\"global_message\":\"Ce champ est obligatoire\",\"global\":true}},\"gdpr-agreement\":{\"required\":{\"value\":true,\"message\":\"Ce champ est obligatoire\",\"global_message\":\"Ce champ est obligatoire\",\"global\":true}}}};\n                    <\/script><\/p>\n<p>\t\t\t<!-- \/zone:zn_text [1] -->\n<\/div>\n","protected":false},"excerpt":{"rendered":"<p>Contact &#8211; DE &#916; Vorname Name Adresse Adresse Zeile 1 Adresse Zeile 2 Stadt Postleitzahl E-mail Telefonnummer Nachricht Ich bin damit einverstanden, dass die eingegebenen Informationen im Zusammenhang mit meiner [&hellip;]<\/p>\n","protected":false},"author":5,"featured_media":0,"parent":0,"menu_order":25,"comment_status":"closed","ping_status":"closed","template":"","meta":{"_acf_changed":false,"footnotes":""},"class_list":["post-1307","page","type-page","status-publish","hentry","wp-sticky"],"acf":[],"yoast_head":"<!-- This site is optimized with the Yoast SEO plugin v27.5 - https:\/\/yoast.com\/product\/yoast-seo-wordpress\/ -->\n<title>Kontakt | Mairie de Chalamp\u00e9<\/title>\n<meta name=\"robots\" content=\"index, follow, max-snippet:-1, max-image-preview:large, max-video-preview:-1\" \/>\n<link rel=\"canonical\" href=\"https:\/\/www.chalampe.fr\/contact\/\" \/>\n<meta property=\"og:locale\" content=\"de_DE\" \/>\n<meta property=\"og:type\" content=\"article\" \/>\n<meta property=\"og:title\" content=\"Kontakt | Mairie de Chalamp\u00e9\" \/>\n<meta property=\"og:description\" content=\"Contact &#8211; DE &#916; Vorname Name Adresse Adresse Zeile 1 Adresse Zeile 2 Stadt Postleitzahl E-mail Telefonnummer Nachricht Ich bin damit einverstanden, dass die eingegebenen Informationen im Zusammenhang mit meiner [&hellip;]\" \/>\n<meta property=\"og:url\" content=\"https:\/\/www.chalampe.fr\/contact\/\" \/>\n<meta property=\"og:site_name\" content=\"Mairie de Chalamp\u00e9\" \/>\n<meta property=\"article:publisher\" content=\"https:\/\/www.facebook.com\/people\/Village-de-Chalamp\/100081527442575\/\" \/>\n<meta property=\"article:modified_time\" content=\"2024-01-02T13:42:14+00:00\" \/>\n<meta property=\"og:image\" content=\"https:\/\/www.chalampe.fr\/wp-inside\/uploads\/2023\/11\/logo-chalampe.jpg\" \/>\n\t<meta property=\"og:image:width\" content=\"1200\" \/>\n\t<meta property=\"og:image:height\" content=\"675\" \/>\n\t<meta property=\"og:image:type\" content=\"image\/jpeg\" \/>\n<meta name=\"twitter:card\" content=\"summary_large_image\" \/>\n<script type=\"application\/ld+json\" class=\"yoast-schema-graph\">{\"@context\":\"https:\\\/\\\/schema.org\",\"@graph\":[{\"@type\":\"WebPage\",\"@id\":\"https:\\\/\\\/www.chalampe.fr\\\/contact\\\/\",\"url\":\"https:\\\/\\\/www.chalampe.fr\\\/contact\\\/\",\"name\":\"Kontakt\",\"isPartOf\":{\"@id\":\"https:\\\/\\\/www.chalampe.fr\\\/#website\"},\"datePublished\":\"2023-10-10T07:48:48+00:00\",\"dateModified\":\"2024-01-02T13:42:14+00:00\",\"breadcrumb\":{\"@id\":\"https:\\\/\\\/www.chalampe.fr\\\/contact\\\/#breadcrumb\"},\"inLanguage\":\"de\",\"potentialAction\":[{\"@type\":\"ReadAction\",\"target\":[\"https:\\\/\\\/www.chalampe.fr\\\/contact\\\/\"]}]},{\"@type\":\"BreadcrumbList\",\"@id\":\"https:\\\/\\\/www.chalampe.fr\\\/contact\\\/#breadcrumb\",\"itemListElement\":[{\"@type\":\"ListItem\",\"position\":1,\"name\":\"Accueil\",\"item\":\"https:\\\/\\\/www.chalampe.fr\\\/\"},{\"@type\":\"ListItem\",\"position\":2,\"name\":\"Kontakt\"}]},{\"@type\":\"WebSite\",\"@id\":\"https:\\\/\\\/www.chalampe.fr\\\/#website\",\"url\":\"https:\\\/\\\/www.chalampe.fr\\\/\",\"name\":\"Mairie de Chalamp\u00e9\",\"description\":\"C&#039;est une chance !\",\"publisher\":{\"@id\":\"https:\\\/\\\/www.chalampe.fr\\\/#organization\"},\"potentialAction\":[{\"@type\":\"SearchAction\",\"target\":{\"@type\":\"EntryPoint\",\"urlTemplate\":\"https:\\\/\\\/www.chalampe.fr\\\/?s={search_term_string}\"},\"query-input\":{\"@type\":\"PropertyValueSpecification\",\"valueRequired\":true,\"valueName\":\"search_term_string\"}}],\"inLanguage\":\"de\"},{\"@type\":\"Organization\",\"@id\":\"https:\\\/\\\/www.chalampe.fr\\\/#organization\",\"name\":\"Mairie de Chalamp\u00e9\",\"url\":\"https:\\\/\\\/www.chalampe.fr\\\/\",\"logo\":{\"@type\":\"ImageObject\",\"inLanguage\":\"de\",\"@id\":\"https:\\\/\\\/www.chalampe.fr\\\/#\\\/schema\\\/logo\\\/image\\\/\",\"url\":\"https:\\\/\\\/www.chalampe.fr\\\/wp-inside\\\/uploads\\\/2023\\\/11\\\/logo-chalampe.jpg\",\"contentUrl\":\"https:\\\/\\\/www.chalampe.fr\\\/wp-inside\\\/uploads\\\/2023\\\/11\\\/logo-chalampe.jpg\",\"width\":1200,\"height\":675,\"caption\":\"Mairie de Chalamp\u00e9\"},\"image\":{\"@id\":\"https:\\\/\\\/www.chalampe.fr\\\/#\\\/schema\\\/logo\\\/image\\\/\"},\"sameAs\":[\"https:\\\/\\\/www.facebook.com\\\/people\\\/Village-de-Chalamp\\\/100081527442575\\\/\",\"https:\\\/\\\/www.intramuros.org\\\/chalampe\"]}]}<\/script>\n<!-- \/ Yoast SEO plugin. -->","yoast_head_json":{"title":"Kontakt | Mairie de Chalamp\u00e9","robots":{"index":"index","follow":"follow","max-snippet":"max-snippet:-1","max-image-preview":"max-image-preview:large","max-video-preview":"max-video-preview:-1"},"canonical":"https:\/\/www.chalampe.fr\/contact\/","og_locale":"de_DE","og_type":"article","og_title":"Kontakt | Mairie de Chalamp\u00e9","og_description":"Contact &#8211; DE &#916; Vorname Name Adresse Adresse Zeile 1 Adresse Zeile 2 Stadt Postleitzahl E-mail Telefonnummer Nachricht Ich bin damit einverstanden, dass die eingegebenen Informationen im Zusammenhang mit meiner [&hellip;]","og_url":"https:\/\/www.chalampe.fr\/contact\/","og_site_name":"Mairie de Chalamp\u00e9","article_publisher":"https:\/\/www.facebook.com\/people\/Village-de-Chalamp\/100081527442575\/","article_modified_time":"2024-01-02T13:42:14+00:00","og_image":[{"width":1200,"height":675,"url":"https:\/\/www.chalampe.fr\/wp-inside\/uploads\/2023\/11\/logo-chalampe.jpg","type":"image\/jpeg"}],"twitter_card":"summary_large_image","schema":{"@context":"https:\/\/schema.org","@graph":[{"@type":"WebPage","@id":"https:\/\/www.chalampe.fr\/contact\/","url":"https:\/\/www.chalampe.fr\/contact\/","name":"Kontakt","isPartOf":{"@id":"https:\/\/www.chalampe.fr\/#website"},"datePublished":"2023-10-10T07:48:48+00:00","dateModified":"2024-01-02T13:42:14+00:00","breadcrumb":{"@id":"https:\/\/www.chalampe.fr\/contact\/#breadcrumb"},"inLanguage":"de","potentialAction":[{"@type":"ReadAction","target":["https:\/\/www.chalampe.fr\/contact\/"]}]},{"@type":"BreadcrumbList","@id":"https:\/\/www.chalampe.fr\/contact\/#breadcrumb","itemListElement":[{"@type":"ListItem","position":1,"name":"Accueil","item":"https:\/\/www.chalampe.fr\/"},{"@type":"ListItem","position":2,"name":"Kontakt"}]},{"@type":"WebSite","@id":"https:\/\/www.chalampe.fr\/#website","url":"https:\/\/www.chalampe.fr\/","name":"Mairie de Chalamp\u00e9","description":"C&#039;est une chance !","publisher":{"@id":"https:\/\/www.chalampe.fr\/#organization"},"potentialAction":[{"@type":"SearchAction","target":{"@type":"EntryPoint","urlTemplate":"https:\/\/www.chalampe.fr\/?s={search_term_string}"},"query-input":{"@type":"PropertyValueSpecification","valueRequired":true,"valueName":"search_term_string"}}],"inLanguage":"de"},{"@type":"Organization","@id":"https:\/\/www.chalampe.fr\/#organization","name":"Mairie de Chalamp\u00e9","url":"https:\/\/www.chalampe.fr\/","logo":{"@type":"ImageObject","inLanguage":"de","@id":"https:\/\/www.chalampe.fr\/#\/schema\/logo\/image\/","url":"https:\/\/www.chalampe.fr\/wp-inside\/uploads\/2023\/11\/logo-chalampe.jpg","contentUrl":"https:\/\/www.chalampe.fr\/wp-inside\/uploads\/2023\/11\/logo-chalampe.jpg","width":1200,"height":675,"caption":"Mairie de Chalamp\u00e9"},"image":{"@id":"https:\/\/www.chalampe.fr\/#\/schema\/logo\/image\/"},"sameAs":["https:\/\/www.facebook.com\/people\/Village-de-Chalamp\/100081527442575\/","https:\/\/www.intramuros.org\/chalampe"]}]}},"_links":{"self":[{"href":"https:\/\/www.chalampe.fr\/de\/wp-json\/wp\/v2\/pages\/1307","targetHints":{"allow":["GET"]}}],"collection":[{"href":"https:\/\/www.chalampe.fr\/de\/wp-json\/wp\/v2\/pages"}],"about":[{"href":"https:\/\/www.chalampe.fr\/de\/wp-json\/wp\/v2\/types\/page"}],"author":[{"embeddable":true,"href":"https:\/\/www.chalampe.fr\/de\/wp-json\/wp\/v2\/users\/5"}],"replies":[{"embeddable":true,"href":"https:\/\/www.chalampe.fr\/de\/wp-json\/wp\/v2\/comments?post=1307"}],"version-history":[{"count":2,"href":"https:\/\/www.chalampe.fr\/de\/wp-json\/wp\/v2\/pages\/1307\/revisions"}],"predecessor-version":[{"id":1312,"href":"https:\/\/www.chalampe.fr\/de\/wp-json\/wp\/v2\/pages\/1307\/revisions\/1312"}],"wp:attachment":[{"href":"https:\/\/www.chalampe.fr\/de\/wp-json\/wp\/v2\/media?parent=1307"}],"curies":[{"name":"wp","href":"https:\/\/api.w.org\/{rel}","templated":true}]}}